{"id":186,"date":"2023-10-04T13:09:40","date_gmt":"2023-10-04T13:09:40","guid":{"rendered":"https:\/\/2alleeparquer.fr\/?page_id=186"},"modified":"2025-01-30T18:56:39","modified_gmt":"2025-01-30T18:56:39","slug":"faits-facts","status":"publish","type":"page","link":"https:\/\/2alleeparquer.fr\/?page_id=186","title":{"rendered":"Faits\/ Facts"},"content":{"rendered":"\n<ul class=\"wp-block-list\">\n<li>Maison \/ House: 133 m2<\/li>\n\n\n\n<li>Terrain: 1005 m2<\/li>\n\n\n\n<li>Diverses d\u00e9pendances \/ Various outbuildings<\/li>\n\n\n\n<li>Quatre pi\u00e8ces, dont (selon utilisation) un ou deux salons \/ four rooms, including (depending on use) one or two living rooms<\/li>\n\n\n\n<li>Grande cuisine \/ big kitchen<\/li>\n\n\n\n<li>Salles de bains: 2; les deux avec lavabo et toilettes, et une \u00e9galement avec baignoire et douche \/ Bathrooms: 2; both with sink and toilet, one also with bath and shower<\/li>\n\n\n\n<li>Po\u00eale \u00e0 granul\u00e9s: 2 \/ Pellet stove: 2<\/li>\n\n\n\n<li>Chauffage \u00e9lectrique dans les salles de bains et les chambres \u00e0 coucher\/ Electric heating in bathrooms and bedrooms<\/li>\n\n\n\n<li>Double vitrage et isolation des murs et de la toiture \/ Double glazing and insulation of walls and roof<\/li>\n\n\n\n<li>Connect\u00e9 \u00e0 une fosse septique \/ Connected to a septic tank<\/li>\n\n\n\n<li>Maison neuve, autour d&#8217;une maison bretonne classique\/ Newly built house, around a classic Breton cottage<\/li>\n\n\n\n<li>Jardin joliment am\u00e9nag\u00e9, vari\u00e9 et abrit\u00e9 comprenant de nombreux arbres fruitiers \/ Beautifully landscaped, varied and sheltered garden including numerous fruit trees<\/li>\n\n\n\n<li>Tr\u00e8s belle vue panoramique sur la vall\u00e9e \/ Beautiful panoramic view over the valley<\/li>\n<\/ul>\n","protected":false},"excerpt":{"rendered":"","protected":false},"author":1,"featured_media":0,"parent":0,"menu_order":0,"comment_status":"closed","ping_status":"closed","template":"","meta":{"_crdt_document":"","_uag_custom_page_level_css":"","footnotes":""},"class_list":["post-186","page","type-page","status-publish","hentry"],"uagb_featured_image_src":{"full":false,"thumbnail":false,"medium":false,"medium_large":false,"large":false,"1536x1536":false,"2048x2048":false},"uagb_author_info":{"display_name":"admin","author_link":"https:\/\/2alleeparquer.fr\/?author=1"},"uagb_comment_info":0,"uagb_excerpt":null,"_links":{"self":[{"href":"https:\/\/2alleeparquer.fr\/index.php?rest_route=\/wp\/v2\/pages\/186","targetHints":{"allow":["GET"]}}],"collection":[{"href":"https:\/\/2alleeparquer.fr\/index.php?rest_route=\/wp\/v2\/pages"}],"about":[{"href":"https:\/\/2alleeparquer.fr\/index.php?rest_route=\/wp\/v2\/types\/page"}],"author":[{"embeddable":true,"href":"https:\/\/2alleeparquer.fr\/index.php?rest_route=\/wp\/v2\/users\/1"}],"replies":[{"embeddable":true,"href":"https:\/\/2alleeparquer.fr\/index.php?rest_route=%2Fwp%2Fv2%2Fcomments&post=186"}],"version-history":[{"count":12,"href":"https:\/\/2alleeparquer.fr\/index.php?rest_route=\/wp\/v2\/pages\/186\/revisions"}],"predecessor-version":[{"id":254,"href":"https:\/\/2alleeparquer.fr\/index.php?rest_route=\/wp\/v2\/pages\/186\/revisions\/254"}],"wp:attachment":[{"href":"https:\/\/2alleeparquer.fr\/index.php?rest_route=%2Fwp%2Fv2%2Fmedia&parent=186"}],"curies":[{"name":"wp","href":"https:\/\/api.w.org\/{rel}","templated":true}]}}